{"id":287,"date":"2020-06-05T17:14:37","date_gmt":"2020-06-05T15:14:37","guid":{"rendered":"http:\/\/www.regil.tn.it\/?page_id=287"},"modified":"2020-06-16T10:24:19","modified_gmt":"2020-06-16T08:24:19","slug":"condizione-di-spedizione","status":"publish","type":"page","link":"http:\/\/www.regil.tn.it\/index.php\/condizione-di-spedizione\/","title":{"rendered":"condizioni di spedizione"},"content":{"rendered":"<p>[et_pb_section fb_built=&#8221;1&#8243; _builder_version=&#8221;4.4.7&#8243;][et_pb_row _builder_version=&#8221;4.4.7&#8243;][et_pb_column type=&#8221;4_4&#8243; _builder_version=&#8221;4.4.7&#8243;][et_pb_blurb title=&#8221;condizioni di spedizione&#8221; use_icon=&#8221;on&#8221; font_icon=&#8221;%%16%%&#8221; icon_color=&#8221;#ffffff&#8221; use_circle=&#8221;on&#8221; circle_color=&#8221;#e02b20&#8243; _builder_version=&#8221;4.4.7&#8243; text_orientation=&#8221;center&#8221; locked=&#8221;off&#8221;][\/et_pb_blurb][\/et_pb_column][\/et_pb_row][et_pb_row _builder_version=&#8221;4.4.7&#8243;][et_pb_column type=&#8221;4_4&#8243; _builder_version=&#8221;4.4.7&#8243;][et_pb_text _builder_version=&#8221;4.4.7&#8243; hover_enabled=&#8221;0&#8243;]<\/p>\n<p><span style=\"font-weight: 400;\">La consegna della merce sul territorio provinciale e regionale viene eseguita principalmente tramite mezzi propri della societ\u00e0. Per ci\u00f2 che concerne le consegne fuori provincia\/regione, al fine di garantire la consegna tempestiva degli ordini evasi, provvediamo all\u2019invio a mezzo a corriere espresso.<\/span><\/p>\n<p><span style=\"font-weight: 400;\"><\/span><\/p>\n<h6><span style=\"font-weight: 400;\">SPESE DI SPEDIZIONE<\/span><\/h6>\n<p><span style=\"font-weight: 400;\">L\u2019importo massimo addebitato a titolo di contributo spese di spedizione \u00e8 pari ad Euro 18,00.\u00a0<\/span><\/p>\n<p><span style=\"font-weight: 400;\">Si precisa che l\u2019effettivo importo addebitato, pari all\u2019importo di Euro 18,00 o frazioni dello stesso, sar\u00e0 calcolato e comunicato in sede di riscontro alla richiesta di quotazione.<\/span><\/p>\n<p>&nbsp;<\/p>\n<h6><span style=\"font-weight: 400;\">COSTI IMBALLO<\/span><\/h6>\n<p><span style=\"font-weight: 400;\">Gli oneri relativi all\u2019imballo della merce sono compresi nell\u2019importo dell\u2019ordine.<\/span><\/p>\n<p><span style=\"font-weight: 400;\"><\/span><\/p>\n<p><span style=\"font-weight: 400;\"><\/span><\/p>\n<h6><span style=\"font-weight: 400;\">TEMPI DI CONSEGNA<\/span><\/h6>\n<p><span style=\"font-weight: 400;\">Itempi di consegna possono variare dai 2 (due) ai 4 (quattro) giorni lavorativi se i prodotti ordinati sono disponibili a magazzino. Resta inteso che, in caso di festivit\u00e0, i tempi di consegna possono dilatarsi.<\/span><\/p>\n<p><span style=\"font-weight: 400;\">Si ricorda inoltre che non si effettuano consegne nelle giornate di sabato, domenica e nei giorni festivi.\u00a0<\/span><\/p>\n<p><span style=\"font-weight: 400;\">Laddove la Vostra spedizione subisse dei ritardi, sarete contattati quanto prima da un nostro referente.\u00a0<\/span><\/p>\n<p><span style=\"font-weight: 400;\"><\/span><\/p>\n<p><span style=\"font-weight: 400;\"><\/span><\/p>\n<h6><span style=\"font-weight: 400;\">DIRITTO DI RISERVA<\/span><\/h6>\n<p><span style=\"font-weight: 400;\">Nel caso alcuni degli articoli ordinati non fossero al momento disponibili o irreperibili, RE.GI.L. S.r.l. non \u00e8 in alcun modo obbligata a fornirli. In tal caso, il cliente sar\u00e0 da noi informato al pi\u00f9 presto.\u00a0<\/span><\/p>\n<p><span style=\"font-weight: 400;\">Nel caso in cui la fornitura fosse stata saldata a mezzo bonifico anticipato, l\u2019importo non dovuto sar\u00e0 restituito quanto prima al cliente.<\/span><\/p>\n<p><span style=\"font-weight: 400;\">Tutte le offerte presenti sul sito hanno valore fino ad esaurimento merce.\u00a0\u00a0<\/span><\/p>\n<p><span style=\"font-weight: 400;\"><\/span><\/p>\n<p><span style=\"font-weight: 400;\"><\/span><\/p>\n<h6><span style=\"font-weight: 400;\">SPEDIZIONE DIFETTOSA\/INCOMPLETA<\/span><\/h6>\n<p><span style=\"font-weight: 400;\">Al momento della consegna, il Cliente dovr\u00e0 accertarsi di:\u00a0<\/span><\/p>\n<ul>\n<li style=\"font-weight: 400;\"><span style=\"font-weight: 400;\">Verificare che i colli non siano danneggiati, bagnati o manomessi\u00a0<\/span><\/li>\n<li style=\"font-weight: 400;\"><span style=\"font-weight: 400;\">Che il numero dei colli consegnati corrisponda a quanto indicato sul DDT (documento di trasporto)\u00a0<\/span><\/li>\n<\/ul>\n<p><span style=\"font-weight: 400;\">Eventuali danni o mancata corrispondenza del numero di colli, dovranno essere prontamente contestati al trasportatore che ha effettuato la consegna, indicando sul DDT \u201critiro con riserva perch\u00e9 il collo \u00e8 danneggiato\u201d oppure \u201ccollo \u00e8 aperto o mancante\u201d. Una volta firmato il DDT, il cliente non potr\u00e0 pi\u00f9 sollevare alcuna contestazione riguardo a quanto consegnato.\u00a0<\/span><\/p>\n<p><span style=\"font-weight: 400;\">Pur in presenza di imballo integro, il cliente dovr\u00e0 verificare entro 8 (otto) giorni dal ricevimento la corrispondenza tra quanto ricevuto e quanto ordinato. Eventuali segnalazioni dovranno pervenire per iscritto a <\/span><a href=\"mailto:info@regil.tn.it\"><span style=\"font-weight: 400;\">info@regil.tn.it<\/span><\/a><span style=\"font-weight: 400;\"> . Ogni segnalazione oltre il termine di 8 (otto) giorni non avr\u00e0 valore. <\/span><\/p>\n<p>[\/et_pb_text][\/et_pb_column][\/et_pb_row][\/et_pb_section]<\/p>\n","protected":false},"excerpt":{"rendered":"<p>La consegna della merce sul territorio provinciale e regionale viene eseguita principalmente tramite mezzi propri della societ\u00e0. Per ci\u00f2 che concerne le consegne fuori provincia\/regione, al fine di garantire la consegna tempestiva degli ordini evasi, provvediamo all\u2019invio a mezzo a corriere espresso. SPESE DI SPEDIZIONE L\u2019importo massimo addebitato a titolo di contributo spese di spedizione [&hellip;]<\/p>\n","protected":false},"author":1,"featured_media":0,"parent":0,"menu_order":0,"comment_status":"closed","ping_status":"closed","template":"","meta":{"_et_pb_use_builder":"on","_et_pb_old_content":"","_et_gb_content_width":""},"_links":{"self":[{"href":"http:\/\/www.regil.tn.it\/index.php\/wp-json\/wp\/v2\/pages\/287"}],"collection":[{"href":"http:\/\/www.regil.tn.it\/index.php\/wp-json\/wp\/v2\/pages"}],"about":[{"href":"http:\/\/www.regil.tn.it\/index.php\/wp-json\/wp\/v2\/types\/page"}],"author":[{"embeddable":true,"href":"http:\/\/www.regil.tn.it\/index.php\/wp-json\/wp\/v2\/users\/1"}],"replies":[{"embeddable":true,"href":"http:\/\/www.regil.tn.it\/index.php\/wp-json\/wp\/v2\/comments?post=287"}],"version-history":[{"count":3,"href":"http:\/\/www.regil.tn.it\/index.php\/wp-json\/wp\/v2\/pages\/287\/revisions"}],"predecessor-version":[{"id":472,"href":"http:\/\/www.regil.tn.it\/index.php\/wp-json\/wp\/v2\/pages\/287\/revisions\/472"}],"wp:attachment":[{"href":"http:\/\/www.regil.tn.it\/index.php\/wp-json\/wp\/v2\/media?parent=287"}],"curies":[{"name":"wp","href":"https:\/\/api.w.org\/{rel}","templated":true}]}}